{"id":280,"date":"2025-09-29T12:43:32","date_gmt":"2025-09-29T10:43:32","guid":{"rendered":"https:\/\/kammerherrenschl\u00fcssel.de\/WP\/?page_id=280"},"modified":"2025-09-29T13:13:28","modified_gmt":"2025-09-29T11:13:28","slug":"hannover","status":"publish","type":"page","link":"https:\/\/kammerherrenschl\u00fcssel.de\/WP\/?page_id=280","title":{"rendered":"Hannover"},"content":{"rendered":"\n<h2 class=\"wp-block-heading\">K\u00f6nigreich Hannover<\/h2>\n\n\n\n<p>Das K\u00f6nigreich Hannover bestand von 1814 bis 1866; es ging aus dem Kurf\u00fcrstentum Braunschweig-L\u00fcneburg hervor, geh\u00f6rte zur Dynastie der Welfen und stand bis 1837 in Personalunion mit dem Vereinigten K\u00f6nigreich. Die wichtigsten Orden waren:<\/p>\n\n\n\n<h3 class=\"wp-block-heading\"><\/h3>\n\n\n\n<figure class=\"wp-block-table\"><table class=\"has-fixed-layout\"><thead><tr><th>Orden<\/th><th>Stiftung<\/th><th>Bemerkung<\/th><\/tr><\/thead><tbody><tr><td>Guelphenorden<\/td><td>1815<\/td><td>Bedeutendster hannoverscher Hoforden<\/td><\/tr><tr><td>Ernst\u2011August\u2011Orden<\/td><td>19. Jh.<\/td><td>Hof- und Treuedienstliche Auszeichnung<\/td><\/tr><\/tbody><\/table><\/figure>\n\n\n\n<p><\/p>\n","protected":false},"excerpt":{"rendered":"<p>K\u00f6nigreich Hannover Das K\u00f6nigreich Hannover bestand von 1814 bis 1866; es ging aus dem Kurf\u00fcrstentum Braunschweig-L\u00fcneburg hervor, geh\u00f6rte zur Dynastie der Welfen und stand bis 1837 in Personalunion mit dem Vereinigten K\u00f6nigreich. Die wichtigsten Orden waren: Orden Stiftung Bemerkung Guelphenorden 1815 Bedeutendster hannoverscher Hoforden Ernst\u2011August\u2011Orden 19. Jh. Hof- und Treuedienstliche Auszeichnung<\/p>\n","protected":false},"author":1,"featured_media":0,"parent":0,"menu_order":0,"comment_status":"closed","ping_status":"closed","template":"","meta":{"footnotes":""},"class_list":["post-280","page","type-page","status-publish","hentry"],"blocksy_meta":[],"_links":{"self":[{"href":"https:\/\/kammerherrenschl\u00fcssel.de\/WP\/index.php?rest_route=\/wp\/v2\/pages\/280","targetHints":{"allow":["GET"]}}],"collection":[{"href":"https:\/\/kammerherrenschl\u00fcssel.de\/WP\/index.php?rest_route=\/wp\/v2\/pages"}],"about":[{"href":"https:\/\/kammerherrenschl\u00fcssel.de\/WP\/index.php?rest_route=\/wp\/v2\/types\/page"}],"author":[{"embeddable":true,"href":"https:\/\/kammerherrenschl\u00fcssel.de\/WP\/index.php?rest_route=\/wp\/v2\/users\/1"}],"replies":[{"embeddable":true,"href":"https:\/\/kammerherrenschl\u00fcssel.de\/WP\/index.php?rest_route=%2Fwp%2Fv2%2Fcomments&post=280"}],"version-history":[{"count":6,"href":"https:\/\/kammerherrenschl\u00fcssel.de\/WP\/index.php?rest_route=\/wp\/v2\/pages\/280\/revisions"}],"predecessor-version":[{"id":309,"href":"https:\/\/kammerherrenschl\u00fcssel.de\/WP\/index.php?rest_route=\/wp\/v2\/pages\/280\/revisions\/309"}],"wp:attachment":[{"href":"https:\/\/kammerherrenschl\u00fcssel.de\/WP\/index.php?rest_route=%2Fwp%2Fv2%2Fmedia&parent=280"}],"curies":[{"name":"wp","href":"https:\/\/api.w.org\/{rel}","templated":true}]}}