{"id":282,"date":"2025-09-29T12:43:32","date_gmt":"2025-09-29T10:43:32","guid":{"rendered":"https:\/\/kammerherrenschl\u00fcssel.de\/WP\/?page_id=282"},"modified":"2025-09-30T17:15:15","modified_gmt":"2025-09-30T15:15:15","slug":"hohenzollern","status":"publish","type":"page","link":"https:\/\/kammerherrenschl\u00fcssel.de\/WP\/?page_id=282","title":{"rendered":"Hohenzollern"},"content":{"rendered":"\n<h2 class=\"wp-block-heading\">F\u00fcrstentum Hohenzollern<\/h2>\n\n\n\n<p>Das F\u00fcrstentum Hohenzollern bestand in Form der F\u00fcrstent\u00fcmer Hohenzollern-Hechingen und Hohenzollern-Sigmaringen bis 1850; beide Linien verzichteten nach der Revolution von 1848 auf ihre Souver\u00e4nit\u00e4t und traten ihre Gebiete an Preu\u00dfen ab. Die Region wurde als \u201eHohenzollernsche Lande\u201c verwaltet. Die wichtigsten Orden waren:<\/p>\n\n\n\n<figure class=\"wp-block-table\"><table class=\"has-fixed-layout\"><thead><tr><th>Orden<\/th><th>Stiftung<\/th><th>Bemerkung<\/th><\/tr><\/thead><tbody><tr><td><a href=\"#fuhoh\">F\u00fcrstlich Hohenzollernscher Hausorden<\/a><\/td><td>1841<\/td><td>Verliehen in mehreren Klassen, auch mit Schwertern f\u00fcr Kriegsverdienste<\/td><\/tr><tr><td>Verdienstmedaillen in Gold und Silber<\/td><td>19. Jh.<\/td><td>F\u00fcr zivile und milit\u00e4rische Leistungen<\/td><\/tr><tr><td>Ehrenzeichen f\u00fcr Treue Dienste<\/td><td>ab 1850<\/td><td>Weiterverliehen unter preu\u00dfischer Verwaltung<\/td><\/tr><\/tbody><\/table><\/figure>\n\n\n\n<h4 class=\"wp-block-heading\" id=\"fuhoh\">F\u00fcrstlicher Hausorden von Hohenzollern<\/h4>\n\n\n\n<a class=\"gb-text gb-text-d649065d\" href=\"https:\/\/xn--kammerherrenschlssel-4ec.de\/WP\/?page_id=410\">Statuten des F\u00fcrstlichen Hausordens von Hohenzollern<\/a>\n\n\n\n<p><\/p>\n","protected":false},"excerpt":{"rendered":"<p>F\u00fcrstentum Hohenzollern Das F\u00fcrstentum Hohenzollern bestand in Form der F\u00fcrstent\u00fcmer Hohenzollern-Hechingen und Hohenzollern-Sigmaringen bis 1850; beide Linien verzichteten nach der Revolution von 1848 auf ihre Souver\u00e4nit\u00e4t und traten ihre Gebiete an Preu\u00dfen ab. Die Region wurde als \u201eHohenzollernsche Lande\u201c verwaltet. Die wichtigsten Orden waren: Orden Stiftung Bemerkung F\u00fcrstlich Hohenzollernscher Hausorden 1841 Verliehen in mehreren Klassen, [&hellip;]<\/p>\n","protected":false},"author":1,"featured_media":0,"parent":0,"menu_order":0,"comment_status":"closed","ping_status":"closed","template":"","meta":{"footnotes":""},"class_list":["post-282","page","type-page","status-publish","hentry"],"blocksy_meta":[],"_links":{"self":[{"href":"https:\/\/kammerherrenschl\u00fcssel.de\/WP\/index.php?rest_route=\/wp\/v2\/pages\/282","targetHints":{"allow":["GET"]}}],"collection":[{"href":"https:\/\/kammerherrenschl\u00fcssel.de\/WP\/index.php?rest_route=\/wp\/v2\/pages"}],"about":[{"href":"https:\/\/kammerherrenschl\u00fcssel.de\/WP\/index.php?rest_route=\/wp\/v2\/types\/page"}],"author":[{"embeddable":true,"href":"https:\/\/kammerherrenschl\u00fcssel.de\/WP\/index.php?rest_route=\/wp\/v2\/users\/1"}],"replies":[{"embeddable":true,"href":"https:\/\/kammerherrenschl\u00fcssel.de\/WP\/index.php?rest_route=%2Fwp%2Fv2%2Fcomments&post=282"}],"version-history":[{"count":6,"href":"https:\/\/kammerherrenschl\u00fcssel.de\/WP\/index.php?rest_route=\/wp\/v2\/pages\/282\/revisions"}],"predecessor-version":[{"id":415,"href":"https:\/\/kammerherrenschl\u00fcssel.de\/WP\/index.php?rest_route=\/wp\/v2\/pages\/282\/revisions\/415"}],"wp:attachment":[{"href":"https:\/\/kammerherrenschl\u00fcssel.de\/WP\/index.php?rest_route=%2Fwp%2Fv2%2Fmedia&parent=282"}],"curies":[{"name":"wp","href":"https:\/\/api.w.org\/{rel}","templated":true}]}}