{"id":293,"date":"2025-09-29T12:51:25","date_gmt":"2025-09-29T10:51:25","guid":{"rendered":"https:\/\/kammerherrenschl\u00fcssel.de\/WP\/?page_id=293"},"modified":"2025-09-29T13:30:55","modified_gmt":"2025-09-29T11:30:55","slug":"saechsische-herzogtuemer","status":"publish","type":"page","link":"https:\/\/kammerherrenschl\u00fcssel.de\/WP\/?page_id=293","title":{"rendered":"S\u00e4chsische Herzogt\u00fcmer"},"content":{"rendered":"\n<h2 class=\"wp-block-heading\">S\u00e4chsische Herzogt\u00fcmer<\/h2>\n\n\n\n<p>Die S\u00e4chsischen Herzogt\u00fcmer entstanden durch Erbteilungen der wettinischen Linie ab dem 16. Jahrhundert und bestanden bis 1918 als souver\u00e4ne Kleinstaaten im Deutschen Kaiserreich. Zu den wichtigsten geh\u00f6rten Sachsen-Coburg-Gotha, Sachsen-Meiningen und Sachsen-Altenburg. Die wichtigsten Orden waren:<\/p>\n\n\n\n<figure class=\"wp-block-table\"><table class=\"has-fixed-layout\"><thead><tr><th>Orden<\/th><th>Stiftung<\/th><th>Bemerkung<\/th><\/tr><\/thead><tbody><tr><td>Sachsen-Ernestinischer Hausorden<\/td><td>1833<\/td><td>Gemeinsamer Verdienstorden der drei Herzogt\u00fcmer<\/td><\/tr><tr><td>Verdienstmedaillen der Einzelherzogt\u00fcmer<\/td><td>19. Jh.<\/td><td>F\u00fcr zivile und milit\u00e4rische Leistungen<\/td><\/tr><tr><td>Ehrenzeichen mit Schwertern<\/td><td>ab 1850<\/td><td>F\u00fcr Kriegsverdienste, teils mit regionaler Kennzeichnung<\/td><\/tr><\/tbody><\/table><\/figure>\n\n\n\n<p><\/p>\n","protected":false},"excerpt":{"rendered":"<p>S\u00e4chsische Herzogt\u00fcmer Die S\u00e4chsischen Herzogt\u00fcmer entstanden durch Erbteilungen der wettinischen Linie ab dem 16. Jahrhundert und bestanden bis 1918 als souver\u00e4ne Kleinstaaten im Deutschen Kaiserreich. Zu den wichtigsten geh\u00f6rten Sachsen-Coburg-Gotha, Sachsen-Meiningen und Sachsen-Altenburg. Die wichtigsten Orden waren: Orden Stiftung Bemerkung Sachsen-Ernestinischer Hausorden 1833 Gemeinsamer Verdienstorden der drei Herzogt\u00fcmer Verdienstmedaillen der Einzelherzogt\u00fcmer 19. Jh. F\u00fcr zivile [&hellip;]<\/p>\n","protected":false},"author":1,"featured_media":0,"parent":0,"menu_order":0,"comment_status":"closed","ping_status":"closed","template":"","meta":{"footnotes":""},"class_list":["post-293","page","type-page","status-publish","hentry"],"blocksy_meta":[],"_links":{"self":[{"href":"https:\/\/kammerherrenschl\u00fcssel.de\/WP\/index.php?rest_route=\/wp\/v2\/pages\/293","targetHints":{"allow":["GET"]}}],"collection":[{"href":"https:\/\/kammerherrenschl\u00fcssel.de\/WP\/index.php?rest_route=\/wp\/v2\/pages"}],"about":[{"href":"https:\/\/kammerherrenschl\u00fcssel.de\/WP\/index.php?rest_route=\/wp\/v2\/types\/page"}],"author":[{"embeddable":true,"href":"https:\/\/kammerherrenschl\u00fcssel.de\/WP\/index.php?rest_route=\/wp\/v2\/users\/1"}],"replies":[{"embeddable":true,"href":"https:\/\/kammerherrenschl\u00fcssel.de\/WP\/index.php?rest_route=%2Fwp%2Fv2%2Fcomments&post=293"}],"version-history":[{"count":3,"href":"https:\/\/kammerherrenschl\u00fcssel.de\/WP\/index.php?rest_route=\/wp\/v2\/pages\/293\/revisions"}],"predecessor-version":[{"id":320,"href":"https:\/\/kammerherrenschl\u00fcssel.de\/WP\/index.php?rest_route=\/wp\/v2\/pages\/293\/revisions\/320"}],"wp:attachment":[{"href":"https:\/\/kammerherrenschl\u00fcssel.de\/WP\/index.php?rest_route=%2Fwp%2Fv2%2Fmedia&parent=293"}],"curies":[{"name":"wp","href":"https:\/\/api.w.org\/{rel}","templated":true}]}}