{"id":298,"date":"2025-09-29T12:55:03","date_gmt":"2025-09-29T10:55:03","guid":{"rendered":"https:\/\/kammerherrenschl\u00fcssel.de\/WP\/?page_id=298"},"modified":"2025-09-29T14:00:22","modified_gmt":"2025-09-29T12:00:22","slug":"waldeck-und-pyrmont","status":"publish","type":"page","link":"https:\/\/kammerherrenschl\u00fcssel.de\/WP\/?page_id=298","title":{"rendered":"Waldeck und Pyrmont"},"content":{"rendered":"\n<h2 class=\"wp-block-heading\">F\u00fcrstentum Waldeck und Pyrmont<\/h2>\n\n\n\n<p>Das F\u00fcrstentum Waldeck und Pyrmont bestand von 1807 bis 1918; es entstand durch die Vereinigung der Grafschaft Waldeck mit Pyrmont und trat dem Rheinbund bei. Nach der Abdankung F\u00fcrst Friedrichs 1918 wurde es zum Freistaat und 1929 endg\u00fcltig in Preu\u00dfen eingegliedert. Die wichtigsten Orden waren:<\/p>\n\n\n\n<figure class=\"wp-block-table\"><table class=\"has-fixed-layout\"><thead><tr><th>Orden<\/th><th>Stiftung<\/th><th>Bemerkung<\/th><\/tr><\/thead><tbody><tr><td>F\u00fcrstlich Waldeck\u2019scher Verdienstorden<\/td><td>1857\/1871<\/td><td>Urspr\u00fcnglich als Medaille gestiftet, sp\u00e4ter zum mehrklassigen Verdienstorden erweitert2<\/td><\/tr><tr><td>Verdienstkreuz 1.\u20134. Klasse<\/td><td>ab 1871<\/td><td>Mit Schwertern f\u00fcr Kriegsverdienste ab 1915<\/td><\/tr><tr><td>Offizierskreuz &amp; Ehrenkreuz<\/td><td>1912\/1899<\/td><td>Zwischenstufen und Sonderformen des Verdienstordens3<\/td><\/tr><tr><td>Medaille f\u00fcr Kunst und Wissenschaft<\/td><td>1899<\/td><td>Ausgliederung aus der urspr\u00fcnglichen Verdienstmedaille<\/td><\/tr><\/tbody><\/table><\/figure>\n","protected":false},"excerpt":{"rendered":"<p>F\u00fcrstentum Waldeck und Pyrmont Das F\u00fcrstentum Waldeck und Pyrmont bestand von 1807 bis 1918; es entstand durch die Vereinigung der Grafschaft Waldeck mit Pyrmont und trat dem Rheinbund bei. Nach der Abdankung F\u00fcrst Friedrichs 1918 wurde es zum Freistaat und 1929 endg\u00fcltig in Preu\u00dfen eingegliedert. Die wichtigsten Orden waren: Orden Stiftung Bemerkung F\u00fcrstlich Waldeck\u2019scher Verdienstorden [&hellip;]<\/p>\n","protected":false},"author":1,"featured_media":0,"parent":0,"menu_order":0,"comment_status":"closed","ping_status":"closed","template":"","meta":{"footnotes":""},"class_list":["post-298","page","type-page","status-publish","hentry"],"blocksy_meta":[],"_links":{"self":[{"href":"https:\/\/kammerherrenschl\u00fcssel.de\/WP\/index.php?rest_route=\/wp\/v2\/pages\/298","targetHints":{"allow":["GET"]}}],"collection":[{"href":"https:\/\/kammerherrenschl\u00fcssel.de\/WP\/index.php?rest_route=\/wp\/v2\/pages"}],"about":[{"href":"https:\/\/kammerherrenschl\u00fcssel.de\/WP\/index.php?rest_route=\/wp\/v2\/types\/page"}],"author":[{"embeddable":true,"href":"https:\/\/kammerherrenschl\u00fcssel.de\/WP\/index.php?rest_route=\/wp\/v2\/users\/1"}],"replies":[{"embeddable":true,"href":"https:\/\/kammerherrenschl\u00fcssel.de\/WP\/index.php?rest_route=%2Fwp%2Fv2%2Fcomments&post=298"}],"version-history":[{"count":3,"href":"https:\/\/kammerherrenschl\u00fcssel.de\/WP\/index.php?rest_route=\/wp\/v2\/pages\/298\/revisions"}],"predecessor-version":[{"id":350,"href":"https:\/\/kammerherrenschl\u00fcssel.de\/WP\/index.php?rest_route=\/wp\/v2\/pages\/298\/revisions\/350"}],"wp:attachment":[{"href":"https:\/\/kammerherrenschl\u00fcssel.de\/WP\/index.php?rest_route=%2Fwp%2Fv2%2Fmedia&parent=298"}],"curies":[{"name":"wp","href":"https:\/\/api.w.org\/{rel}","templated":true}]}}