{"id":30,"date":"2025-09-15T13:00:31","date_gmt":"2025-09-15T11:00:31","guid":{"rendered":"https:\/\/kammerherrenschl\u00fcssel.de\/WP\/?page_id=30"},"modified":"2025-09-29T13:24:42","modified_gmt":"2025-09-29T11:24:42","slug":"30-2","status":"publish","type":"page","link":"https:\/\/kammerherrenschl\u00fcssel.de\/WP\/?page_id=30","title":{"rendered":"Sachsen"},"content":{"rendered":"\n<h2 class=\"wp-block-heading\">K\u00f6nigreich Sachsen<\/h2>\n\n\n\n<p>Das K\u00f6nigreich Sachsen bestand von 1806 bis 1918; es ging aus dem Kurf\u00fcrstentum hervor, erhielt unter Friedrich August I. die K\u00f6nigsw\u00fcrde und blieb bis zur Abdankung 1918 ein souver\u00e4nes K\u00f6nigreich im Deutschen Bund und sp\u00e4ter im Deutschen Reich. Die wichtigsten Orden waren:<\/p>\n\n\n\n<figure class=\"wp-block-table\"><table class=\"has-fixed-layout\"><thead><tr><th>Orden<\/th><th>Stiftung<\/th><th>Bemerkung<\/th><\/tr><\/thead><tbody><tr><td>Hausorden der Rautenkrone<\/td><td>1807<\/td><td>Hausorden des K\u00f6nigshauses<\/td><\/tr><tr><td>Milit\u00e4r\u2011St. Heinrichs\u2011Orden<\/td><td>1736<\/td><td>Bedeutender Milit\u00e4rorden<\/td><\/tr><tr><td>Albrechtsorden<\/td><td>1850<\/td><td>Verdienstorden f\u00fcr Staat, Wissenschaft und Kunst<\/td><\/tr><\/tbody><\/table><\/figure>\n","protected":false},"excerpt":{"rendered":"<p>K\u00f6nigreich Sachsen Das K\u00f6nigreich Sachsen bestand von 1806 bis 1918; es ging aus dem Kurf\u00fcrstentum hervor, erhielt unter Friedrich August I. die K\u00f6nigsw\u00fcrde und blieb bis zur Abdankung 1918 ein souver\u00e4nes K\u00f6nigreich im Deutschen Bund und sp\u00e4ter im Deutschen Reich. Die wichtigsten Orden waren: Orden Stiftung Bemerkung Hausorden der Rautenkrone 1807 Hausorden des K\u00f6nigshauses Milit\u00e4r\u2011St. [&hellip;]<\/p>\n","protected":false},"author":1,"featured_media":0,"parent":0,"menu_order":0,"comment_status":"closed","ping_status":"closed","template":"","meta":{"footnotes":""},"class_list":["post-30","page","type-page","status-publish","hentry"],"blocksy_meta":[],"_links":{"self":[{"href":"https:\/\/kammerherrenschl\u00fcssel.de\/WP\/index.php?rest_route=\/wp\/v2\/pages\/30","targetHints":{"allow":["GET"]}}],"collection":[{"href":"https:\/\/kammerherrenschl\u00fcssel.de\/WP\/index.php?rest_route=\/wp\/v2\/pages"}],"about":[{"href":"https:\/\/kammerherrenschl\u00fcssel.de\/WP\/index.php?rest_route=\/wp\/v2\/types\/page"}],"author":[{"embeddable":true,"href":"https:\/\/kammerherrenschl\u00fcssel.de\/WP\/index.php?rest_route=\/wp\/v2\/users\/1"}],"replies":[{"embeddable":true,"href":"https:\/\/kammerherrenschl\u00fcssel.de\/WP\/index.php?rest_route=%2Fwp%2Fv2%2Fcomments&post=30"}],"version-history":[{"count":4,"href":"https:\/\/kammerherrenschl\u00fcssel.de\/WP\/index.php?rest_route=\/wp\/v2\/pages\/30\/revisions"}],"predecessor-version":[{"id":318,"href":"https:\/\/kammerherrenschl\u00fcssel.de\/WP\/index.php?rest_route=\/wp\/v2\/pages\/30\/revisions\/318"}],"wp:attachment":[{"href":"https:\/\/kammerherrenschl\u00fcssel.de\/WP\/index.php?rest_route=%2Fwp%2Fv2%2Fmedia&parent=30"}],"curies":[{"name":"wp","href":"https:\/\/api.w.org\/{rel}","templated":true}]}}