{"id":313,"date":"2025-09-29T13:15:50","date_gmt":"2025-09-29T11:15:50","guid":{"rendered":"https:\/\/kammerherrenschl\u00fcssel.de\/WP\/?page_id=313"},"modified":"2025-09-29T13:23:43","modified_gmt":"2025-09-29T11:23:43","slug":"wuerttemberg","status":"publish","type":"page","link":"https:\/\/kammerherrenschl\u00fcssel.de\/WP\/?page_id=313","title":{"rendered":"W\u00fcrttemberg"},"content":{"rendered":"\n<h2 class=\"wp-block-heading\">K\u00f6nigreich W\u00fcrttemberg<\/h2>\n\n\n\n<p>Das K\u00f6nigreich W\u00fcrttemberg bestand von 1806 bis 1918; es entstand durch Napoleons Neuordnung Europas aus dem Herzogtum W\u00fcrttemberg und wurde nach der Abdankung K\u00f6nig Wilhelms II. in einen republikanischen Freistaat \u00fcberf\u00fchrt. Die wichtigsten Orden waren:<\/p>\n\n\n\n<figure class=\"wp-block-table\"><table class=\"has-fixed-layout\"><thead><tr><th>Orden<\/th><th>Stiftung<\/th><th>Bemerkung<\/th><\/tr><\/thead><tbody><tr><td>Orden der W\u00fcrttembergischen Krone<\/td><td>1818<\/td><td>H\u00f6chster Haus- und Verdienstorden, mehrere Klassen<\/td><\/tr><tr><td>Milit\u00e4rverdienstorden<\/td><td>1799 \/ erweitert 19. Jh.<\/td><td>F\u00fcr besondere Leistungen im Kriegsdienst<\/td><\/tr><tr><td>Goldene Verdienstmedaille<\/td><td>19. Jh.<\/td><td>F\u00fcr zivile und milit\u00e4rische Verdienste<\/td><\/tr><tr><td>Silberne Verdienstmedaille<\/td><td>19. Jh.<\/td><td>F\u00fcr treue Dienste<\/td><\/tr><tr><td>Kleine Adelsdekoration<\/td><td>1808<\/td><td>Fr\u00fche Auszeichnung f\u00fcr Beamte und Offiziere<\/td><\/tr><\/tbody><\/table><\/figure>\n\n\n\n<p><\/p>\n","protected":false},"excerpt":{"rendered":"<p>K\u00f6nigreich W\u00fcrttemberg Das K\u00f6nigreich W\u00fcrttemberg bestand von 1806 bis 1918; es entstand durch Napoleons Neuordnung Europas aus dem Herzogtum W\u00fcrttemberg und wurde nach der Abdankung K\u00f6nig Wilhelms II. in einen republikanischen Freistaat \u00fcberf\u00fchrt. Die wichtigsten Orden waren: Orden Stiftung Bemerkung Orden der W\u00fcrttembergischen Krone 1818 H\u00f6chster Haus- und Verdienstorden, mehrere Klassen Milit\u00e4rverdienstorden 1799 \/ erweitert [&hellip;]<\/p>\n","protected":false},"author":1,"featured_media":0,"parent":0,"menu_order":0,"comment_status":"closed","ping_status":"closed","template":"","meta":{"footnotes":""},"class_list":["post-313","page","type-page","status-publish","hentry"],"blocksy_meta":[],"_links":{"self":[{"href":"https:\/\/kammerherrenschl\u00fcssel.de\/WP\/index.php?rest_route=\/wp\/v2\/pages\/313","targetHints":{"allow":["GET"]}}],"collection":[{"href":"https:\/\/kammerherrenschl\u00fcssel.de\/WP\/index.php?rest_route=\/wp\/v2\/pages"}],"about":[{"href":"https:\/\/kammerherrenschl\u00fcssel.de\/WP\/index.php?rest_route=\/wp\/v2\/types\/page"}],"author":[{"embeddable":true,"href":"https:\/\/kammerherrenschl\u00fcssel.de\/WP\/index.php?rest_route=\/wp\/v2\/users\/1"}],"replies":[{"embeddable":true,"href":"https:\/\/kammerherrenschl\u00fcssel.de\/WP\/index.php?rest_route=%2Fwp%2Fv2%2Fcomments&post=313"}],"version-history":[{"count":3,"href":"https:\/\/kammerherrenschl\u00fcssel.de\/WP\/index.php?rest_route=\/wp\/v2\/pages\/313\/revisions"}],"predecessor-version":[{"id":317,"href":"https:\/\/kammerherrenschl\u00fcssel.de\/WP\/index.php?rest_route=\/wp\/v2\/pages\/313\/revisions\/317"}],"wp:attachment":[{"href":"https:\/\/kammerherrenschl\u00fcssel.de\/WP\/index.php?rest_route=%2Fwp%2Fv2%2Fmedia&parent=313"}],"curies":[{"name":"wp","href":"https:\/\/api.w.org\/{rel}","templated":true}]}}