{"id":321,"date":"2025-09-29T13:32:33","date_gmt":"2025-09-29T11:32:33","guid":{"rendered":"https:\/\/kammerherrenschl\u00fcssel.de\/WP\/?page_id=321"},"modified":"2025-09-30T17:00:34","modified_gmt":"2025-09-30T15:00:34","slug":"baden","status":"publish","type":"page","link":"https:\/\/kammerherrenschl\u00fcssel.de\/WP\/?page_id=321","title":{"rendered":"Baden"},"content":{"rendered":"\n<h2 class=\"wp-block-heading\">Gro\u00dfherzogtum Baden<\/h2>\n\n\n\n<p>Das Gro\u00dfherzogtum Baden bestand von 1806 bis 1918; es entstand aus der Markgrafschaft Baden durch Napoleons Neuordnung und wurde nach der Abdankung Friedrichs II. in eine Republik \u00fcberf\u00fchrt. Die wichtigsten Orden waren:<\/p>\n\n\n\n<figure class=\"wp-block-table\"><table class=\"has-fixed-layout\"><thead><tr><th>Orden<\/th><th>Stiftung<\/th><th>Bemerkung<\/th><\/tr><\/thead><tbody><tr><td><a href=\"#fidel\">Hausorden der Treue<\/a><\/td><td>1715<\/td><td>H\u00f6chster badischer Hausorden, sp\u00e4ter erweitert<\/td><\/tr><tr><td>Milit\u00e4r Karl-Friedrich-Verdienstorden<\/td><td>1807<\/td><td>F\u00fcr besondere milit\u00e4rische Leistungen<\/td><\/tr><tr><td>Orden vom Z\u00e4hringer L\u00f6wen<\/td><td>1812<\/td><td>Verdienstorden mit mehreren Klassen und Eichenlaub-Varianten<\/td><\/tr><tr><td>Silberne Verdienstmedaille<\/td><td>19. Jh.<\/td><td>F\u00fcr zivile und milit\u00e4rische Verdienste<\/td><\/tr><\/tbody><\/table><\/figure>\n\n\n\n<h4 class=\"wp-block-heading\" id=\"fidel\">Hausorden der Treue oder Fidelitasordens<\/h4>\n\n\n\n<a class=\"gb-text gb-text-d649065d\" href=\"https:\/\/xn--kammerherrenschlssel-4ec.de\/WP\/?page_id=401\">Statuten des badischen Hausordens der Treue oder Fidelitasordens<\/a>\n\n\n\n<h4 class=\"wp-block-heading\">Ehrenzeichen f\u00fcr Mitglieder der freiwilligen Feuerwehren<\/h4>\n\n\n\n<a class=\"gb-text gb-text-ee1f7980\" href=\"https:\/\/xn--kammerherrenschlssel-4ec.de\/WP\/?page_id=392\">Statut eines Ehrenzeichens f\u00fcr Mitglieder der freiwilligen Feuerwehren<\/a>\n\n\n\n<p><\/p>\n","protected":false},"excerpt":{"rendered":"<p>Gro\u00dfherzogtum Baden Das Gro\u00dfherzogtum Baden bestand von 1806 bis 1918; es entstand aus der Markgrafschaft Baden durch Napoleons Neuordnung und wurde nach der Abdankung Friedrichs II. in eine Republik \u00fcberf\u00fchrt. Die wichtigsten Orden waren: Orden Stiftung Bemerkung Hausorden der Treue 1715 H\u00f6chster badischer Hausorden, sp\u00e4ter erweitert Milit\u00e4r Karl-Friedrich-Verdienstorden 1807 F\u00fcr besondere milit\u00e4rische Leistungen Orden vom [&hellip;]<\/p>\n","protected":false},"author":1,"featured_media":0,"parent":0,"menu_order":0,"comment_status":"closed","ping_status":"closed","template":"","meta":{"footnotes":""},"class_list":["post-321","page","type-page","status-publish","hentry"],"blocksy_meta":[],"_links":{"self":[{"href":"https:\/\/kammerherrenschl\u00fcssel.de\/WP\/index.php?rest_route=\/wp\/v2\/pages\/321","targetHints":{"allow":["GET"]}}],"collection":[{"href":"https:\/\/kammerherrenschl\u00fcssel.de\/WP\/index.php?rest_route=\/wp\/v2\/pages"}],"about":[{"href":"https:\/\/kammerherrenschl\u00fcssel.de\/WP\/index.php?rest_route=\/wp\/v2\/types\/page"}],"author":[{"embeddable":true,"href":"https:\/\/kammerherrenschl\u00fcssel.de\/WP\/index.php?rest_route=\/wp\/v2\/users\/1"}],"replies":[{"embeddable":true,"href":"https:\/\/kammerherrenschl\u00fcssel.de\/WP\/index.php?rest_route=%2Fwp%2Fv2%2Fcomments&post=321"}],"version-history":[{"count":7,"href":"https:\/\/kammerherrenschl\u00fcssel.de\/WP\/index.php?rest_route=\/wp\/v2\/pages\/321\/revisions"}],"predecessor-version":[{"id":406,"href":"https:\/\/kammerherrenschl\u00fcssel.de\/WP\/index.php?rest_route=\/wp\/v2\/pages\/321\/revisions\/406"}],"wp:attachment":[{"href":"https:\/\/kammerherrenschl\u00fcssel.de\/WP\/index.php?rest_route=%2Fwp%2Fv2%2Fmedia&parent=321"}],"curies":[{"name":"wp","href":"https:\/\/api.w.org\/{rel}","templated":true}]}}