{"id":327,"date":"2025-09-29T13:37:28","date_gmt":"2025-09-29T11:37:28","guid":{"rendered":"https:\/\/kammerherrenschl\u00fcssel.de\/WP\/?page_id=327"},"modified":"2025-09-29T13:37:28","modified_gmt":"2025-09-29T11:37:28","slug":"hessen","status":"publish","type":"page","link":"https:\/\/kammerherrenschl\u00fcssel.de\/WP\/?page_id=327","title":{"rendered":"Hessen"},"content":{"rendered":"\n<h2 class=\"wp-block-heading\">Gro\u00dfherzogtum Hessen<\/h2>\n\n\n\n<p>Das Gro\u00dfherzogtum Hessen (Hessen-Darmstadt) bestand von 1806 bis 1918 und wurde nach der Abdankung Gro\u00dfherzog Ernst Ludwigs als Volksstaat weitergef\u00fchrt. Parallel dazu existierte das Kurf\u00fcrstentum Hessen (Hessen-Kassel) von 1814 bis 1866, bis es nach dem Deutschen Krieg von Preu\u00dfen annektiert wurde. Die wichtigsten Orden waren:<\/p>\n\n\n\n<figure class=\"wp-block-table\"><table class=\"has-fixed-layout\"><thead><tr><th>Orden<\/th><th>Stiftung<\/th><th>Bemerkung<\/th><\/tr><\/thead><tbody><tr><td>Ludewigsorden (Hessen-Darmstadt)<\/td><td>1807<\/td><td>H\u00f6chster Verdienstorden des Gro\u00dfherzogtums<\/td><\/tr><tr><td>Orden Philipps des Gro\u00dfm\u00fctigen<\/td><td>1840<\/td><td>F\u00fcr zivile und milit\u00e4rische Verdienste<\/td><\/tr><tr><td>Hausorden vom Goldenen L\u00f6wen (Hessen-Kassel)<\/td><td>1770<\/td><td>Urspr\u00fcnglich landgr\u00e4flich, sp\u00e4ter kurf\u00fcrstlich verliehen<\/td><\/tr><tr><td>Wilhelms-Orden (Hessen-Kassel)<\/td><td>1851<\/td><td>Ausgliederung aus dem Goldenen L\u00f6wen, mehrere Klassen<\/td><\/tr><tr><td>Orden vom Eisernen Helm<\/td><td>1814<\/td><td>F\u00fcr Verdienste im Befreiungskrieg<\/td><\/tr><\/tbody><\/table><\/figure>\n\n\n\n<p><\/p>\n","protected":false},"excerpt":{"rendered":"<p>Gro\u00dfherzogtum Hessen Das Gro\u00dfherzogtum Hessen (Hessen-Darmstadt) bestand von 1806 bis 1918 und wurde nach der Abdankung Gro\u00dfherzog Ernst Ludwigs als Volksstaat weitergef\u00fchrt. Parallel dazu existierte das Kurf\u00fcrstentum Hessen (Hessen-Kassel) von 1814 bis 1866, bis es nach dem Deutschen Krieg von Preu\u00dfen annektiert wurde. Die wichtigsten Orden waren: Orden Stiftung Bemerkung Ludewigsorden (Hessen-Darmstadt) 1807 H\u00f6chster Verdienstorden [&hellip;]<\/p>\n","protected":false},"author":1,"featured_media":0,"parent":0,"menu_order":0,"comment_status":"closed","ping_status":"closed","template":"","meta":{"footnotes":""},"class_list":["post-327","page","type-page","status-publish","hentry"],"blocksy_meta":[],"_links":{"self":[{"href":"https:\/\/kammerherrenschl\u00fcssel.de\/WP\/index.php?rest_route=\/wp\/v2\/pages\/327","targetHints":{"allow":["GET"]}}],"collection":[{"href":"https:\/\/kammerherrenschl\u00fcssel.de\/WP\/index.php?rest_route=\/wp\/v2\/pages"}],"about":[{"href":"https:\/\/kammerherrenschl\u00fcssel.de\/WP\/index.php?rest_route=\/wp\/v2\/types\/page"}],"author":[{"embeddable":true,"href":"https:\/\/kammerherrenschl\u00fcssel.de\/WP\/index.php?rest_route=\/wp\/v2\/users\/1"}],"replies":[{"embeddable":true,"href":"https:\/\/kammerherrenschl\u00fcssel.de\/WP\/index.php?rest_route=%2Fwp%2Fv2%2Fcomments&post=327"}],"version-history":[{"count":1,"href":"https:\/\/kammerherrenschl\u00fcssel.de\/WP\/index.php?rest_route=\/wp\/v2\/pages\/327\/revisions"}],"predecessor-version":[{"id":328,"href":"https:\/\/kammerherrenschl\u00fcssel.de\/WP\/index.php?rest_route=\/wp\/v2\/pages\/327\/revisions\/328"}],"wp:attachment":[{"href":"https:\/\/kammerherrenschl\u00fcssel.de\/WP\/index.php?rest_route=%2Fwp%2Fv2%2Fmedia&parent=327"}],"curies":[{"name":"wp","href":"https:\/\/api.w.org\/{rel}","templated":true}]}}