{"id":329,"date":"2025-09-29T13:40:26","date_gmt":"2025-09-29T11:40:26","guid":{"rendered":"https:\/\/kammerherrenschl\u00fcssel.de\/WP\/?page_id=329"},"modified":"2025-09-29T13:40:26","modified_gmt":"2025-09-29T11:40:26","slug":"mecklenburg","status":"publish","type":"page","link":"https:\/\/kammerherrenschl\u00fcssel.de\/WP\/?page_id=329","title":{"rendered":"Mecklenburg"},"content":{"rendered":"\n<h2 class=\"wp-block-heading\">Gro\u00dfherzogt\u00fcmer Mecklenburg-Schwerin &amp; Mecklenburg-Strelitz<\/h2>\n\n\n\n<p>Beide mecklenburgischen Staaten wurden 1815 auf dem Wiener Kongress zu Gro\u00dfherzogt\u00fcmern erhoben. Sie bestanden bis 1918 als souver\u00e4ne Monarchien im Deutschen Reich und wurden danach als Freistaaten weitergef\u00fchrt. 1934 erfolgte ihre Vereinigung zum Land Mecklenburg. Die wichtigsten Orden waren:<\/p>\n\n\n\n<figure class=\"wp-block-table\"><table class=\"has-fixed-layout\"><thead><tr><th>Orden<\/th><th>Stiftung<\/th><th>Bemerkung<\/th><\/tr><\/thead><tbody><tr><td>Hausorden der Wendischen Krone<\/td><td>1864<\/td><td>Gemeinsamer Hausorden beider Gro\u00dfherzogt\u00fcmer, mehrere Klassen<\/td><\/tr><tr><td>Greifenorden<\/td><td>1884<\/td><td>Verdienstorden Mecklenburg-Strelitz, auch f\u00fcr ausl\u00e4ndische W\u00fcrdentr\u00e4ger<\/td><\/tr><tr><td>Goldenes und Silbernes Verdienstkreuz<\/td><td>ab 1864<\/td><td>F\u00fcr zivile und milit\u00e4rische Verdienste<\/td><\/tr><tr><td>Ehrenzeichen f\u00fcr Tapferkeit und Treue<\/td><td>19. Jh.<\/td><td>F\u00fcr langj\u00e4hrige Dienste und besondere Leistungen<\/td><\/tr><\/tbody><\/table><\/figure>\n","protected":false},"excerpt":{"rendered":"<p>Gro\u00dfherzogt\u00fcmer Mecklenburg-Schwerin &amp; Mecklenburg-Strelitz Beide mecklenburgischen Staaten wurden 1815 auf dem Wiener Kongress zu Gro\u00dfherzogt\u00fcmern erhoben. Sie bestanden bis 1918 als souver\u00e4ne Monarchien im Deutschen Reich und wurden danach als Freistaaten weitergef\u00fchrt. 1934 erfolgte ihre Vereinigung zum Land Mecklenburg. Die wichtigsten Orden waren: Orden Stiftung Bemerkung Hausorden der Wendischen Krone 1864 Gemeinsamer Hausorden beider Gro\u00dfherzogt\u00fcmer, [&hellip;]<\/p>\n","protected":false},"author":1,"featured_media":0,"parent":0,"menu_order":0,"comment_status":"closed","ping_status":"closed","template":"","meta":{"footnotes":""},"class_list":["post-329","page","type-page","status-publish","hentry"],"blocksy_meta":[],"_links":{"self":[{"href":"https:\/\/kammerherrenschl\u00fcssel.de\/WP\/index.php?rest_route=\/wp\/v2\/pages\/329","targetHints":{"allow":["GET"]}}],"collection":[{"href":"https:\/\/kammerherrenschl\u00fcssel.de\/WP\/index.php?rest_route=\/wp\/v2\/pages"}],"about":[{"href":"https:\/\/kammerherrenschl\u00fcssel.de\/WP\/index.php?rest_route=\/wp\/v2\/types\/page"}],"author":[{"embeddable":true,"href":"https:\/\/kammerherrenschl\u00fcssel.de\/WP\/index.php?rest_route=\/wp\/v2\/users\/1"}],"replies":[{"embeddable":true,"href":"https:\/\/kammerherrenschl\u00fcssel.de\/WP\/index.php?rest_route=%2Fwp%2Fv2%2Fcomments&post=329"}],"version-history":[{"count":1,"href":"https:\/\/kammerherrenschl\u00fcssel.de\/WP\/index.php?rest_route=\/wp\/v2\/pages\/329\/revisions"}],"predecessor-version":[{"id":330,"href":"https:\/\/kammerherrenschl\u00fcssel.de\/WP\/index.php?rest_route=\/wp\/v2\/pages\/329\/revisions\/330"}],"wp:attachment":[{"href":"https:\/\/kammerherrenschl\u00fcssel.de\/WP\/index.php?rest_route=%2Fwp%2Fv2%2Fmedia&parent=329"}],"curies":[{"name":"wp","href":"https:\/\/api.w.org\/{rel}","templated":true}]}}