{"id":331,"date":"2025-09-29T13:42:29","date_gmt":"2025-09-29T11:42:29","guid":{"rendered":"https:\/\/kammerherrenschl\u00fcssel.de\/WP\/?page_id=331"},"modified":"2025-09-29T13:42:29","modified_gmt":"2025-09-29T11:42:29","slug":"oldenburg","status":"publish","type":"page","link":"https:\/\/kammerherrenschl\u00fcssel.de\/WP\/?page_id=331","title":{"rendered":"Oldenburg"},"content":{"rendered":"\n<h2 class=\"wp-block-heading\">Gro\u00dfherzogtum Oldenburg<\/h2>\n\n\n\n<p>Das Gro\u00dfherzogtum Oldenburg bestand von 1815 bis 1918; es wurde auf dem Wiener Kongress aus dem Herzogtum Oldenburg erhoben und umfasste neben dem Kernland auch die F\u00fcrstent\u00fcmer L\u00fcbeck und Birkenfeld. Nach der Abdankung Gro\u00dfherzog Friedrich Augusts wurde Oldenburg zum Freistaat. Die wichtigsten Orden waren:<\/p>\n\n\n\n<figure class=\"wp-block-table\"><table class=\"has-fixed-layout\"><thead><tr><th>Orden<\/th><th>Stiftung<\/th><th>Bemerkung<\/th><\/tr><\/thead><tbody><tr><td>Haus- und Verdienstorden des Herzogs Peter Friedrich Ludwig<\/td><td>1838<\/td><td>Hauptorden mit mehreren Klassen, auch mit Schwertern und Lorbeerzweigen verliehen<\/td><\/tr><tr><td>Goldene und Silberne Verdienstmedaille<\/td><td>19. Jh.<\/td><td>F\u00fcr zivile und milit\u00e4rische Verdienste<\/td><\/tr><tr><td>Ehrenzeichen f\u00fcr Tapferkeit und Treue<\/td><td>19. Jh.<\/td><td>F\u00fcr langj\u00e4hrige Dienste und besondere Leistungen<\/td><\/tr><\/tbody><\/table><\/figure>\n\n\n\n<p><\/p>\n","protected":false},"excerpt":{"rendered":"<p>Gro\u00dfherzogtum Oldenburg Das Gro\u00dfherzogtum Oldenburg bestand von 1815 bis 1918; es wurde auf dem Wiener Kongress aus dem Herzogtum Oldenburg erhoben und umfasste neben dem Kernland auch die F\u00fcrstent\u00fcmer L\u00fcbeck und Birkenfeld. Nach der Abdankung Gro\u00dfherzog Friedrich Augusts wurde Oldenburg zum Freistaat. Die wichtigsten Orden waren: Orden Stiftung Bemerkung Haus- und Verdienstorden des Herzogs Peter [&hellip;]<\/p>\n","protected":false},"author":1,"featured_media":0,"parent":0,"menu_order":0,"comment_status":"closed","ping_status":"closed","template":"","meta":{"footnotes":""},"class_list":["post-331","page","type-page","status-publish","hentry"],"blocksy_meta":[],"_links":{"self":[{"href":"https:\/\/kammerherrenschl\u00fcssel.de\/WP\/index.php?rest_route=\/wp\/v2\/pages\/331","targetHints":{"allow":["GET"]}}],"collection":[{"href":"https:\/\/kammerherrenschl\u00fcssel.de\/WP\/index.php?rest_route=\/wp\/v2\/pages"}],"about":[{"href":"https:\/\/kammerherrenschl\u00fcssel.de\/WP\/index.php?rest_route=\/wp\/v2\/types\/page"}],"author":[{"embeddable":true,"href":"https:\/\/kammerherrenschl\u00fcssel.de\/WP\/index.php?rest_route=\/wp\/v2\/users\/1"}],"replies":[{"embeddable":true,"href":"https:\/\/kammerherrenschl\u00fcssel.de\/WP\/index.php?rest_route=%2Fwp%2Fv2%2Fcomments&post=331"}],"version-history":[{"count":1,"href":"https:\/\/kammerherrenschl\u00fcssel.de\/WP\/index.php?rest_route=\/wp\/v2\/pages\/331\/revisions"}],"predecessor-version":[{"id":332,"href":"https:\/\/kammerherrenschl\u00fcssel.de\/WP\/index.php?rest_route=\/wp\/v2\/pages\/331\/revisions\/332"}],"wp:attachment":[{"href":"https:\/\/kammerherrenschl\u00fcssel.de\/WP\/index.php?rest_route=%2Fwp%2Fv2%2Fmedia&parent=331"}],"curies":[{"name":"wp","href":"https:\/\/api.w.org\/{rel}","templated":true}]}}