{"id":333,"date":"2025-09-29T13:44:22","date_gmt":"2025-09-29T11:44:22","guid":{"rendered":"https:\/\/kammerherrenschl\u00fcssel.de\/WP\/?page_id=333"},"modified":"2025-09-29T13:44:22","modified_gmt":"2025-09-29T11:44:22","slug":"anhalt","status":"publish","type":"page","link":"https:\/\/kammerherrenschl\u00fcssel.de\/WP\/?page_id=333","title":{"rendered":"Anhalt"},"content":{"rendered":"\n<h2 class=\"wp-block-heading\">Herzogtum Anhalt<\/h2>\n\n\n\n<p>Das Herzogtum Anhalt entstand 1863 durch die Vereinigung der Linien Anhalt-Dessau, Anhalt-K\u00f6then und Anhalt-Bernburg. Es bestand bis 1918 als souver\u00e4ner Staat im Deutschen Kaiserreich und wurde danach als Freistaat Anhalt weitergef\u00fchrt. Die wichtigsten Orden waren:<\/p>\n\n\n\n<figure class=\"wp-block-table\"><table class=\"has-fixed-layout\"><thead><tr><th>Orden<\/th><th>Stiftung<\/th><th>Bemerkung<\/th><\/tr><\/thead><tbody><tr><td>Hausorden Albrechts des B\u00e4ren<\/td><td>1836<\/td><td>Gemeinsamer Hausorden der drei Linien, verliehen in mehreren Klassen<\/td><\/tr><tr><td>Goldene und Silberne Verdienstmedaille<\/td><td>ab 1836<\/td><td>F\u00fcr zivile und milit\u00e4rische Verdienste<\/td><\/tr><\/tbody><\/table><\/figure>\n","protected":false},"excerpt":{"rendered":"<p>Herzogtum Anhalt Das Herzogtum Anhalt entstand 1863 durch die Vereinigung der Linien Anhalt-Dessau, Anhalt-K\u00f6then und Anhalt-Bernburg. Es bestand bis 1918 als souver\u00e4ner Staat im Deutschen Kaiserreich und wurde danach als Freistaat Anhalt weitergef\u00fchrt. Die wichtigsten Orden waren: Orden Stiftung Bemerkung Hausorden Albrechts des B\u00e4ren 1836 Gemeinsamer Hausorden der drei Linien, verliehen in mehreren Klassen Goldene [&hellip;]<\/p>\n","protected":false},"author":1,"featured_media":0,"parent":0,"menu_order":0,"comment_status":"closed","ping_status":"closed","template":"","meta":{"footnotes":""},"class_list":["post-333","page","type-page","status-publish","hentry"],"blocksy_meta":[],"_links":{"self":[{"href":"https:\/\/kammerherrenschl\u00fcssel.de\/WP\/index.php?rest_route=\/wp\/v2\/pages\/333","targetHints":{"allow":["GET"]}}],"collection":[{"href":"https:\/\/kammerherrenschl\u00fcssel.de\/WP\/index.php?rest_route=\/wp\/v2\/pages"}],"about":[{"href":"https:\/\/kammerherrenschl\u00fcssel.de\/WP\/index.php?rest_route=\/wp\/v2\/types\/page"}],"author":[{"embeddable":true,"href":"https:\/\/kammerherrenschl\u00fcssel.de\/WP\/index.php?rest_route=\/wp\/v2\/users\/1"}],"replies":[{"embeddable":true,"href":"https:\/\/kammerherrenschl\u00fcssel.de\/WP\/index.php?rest_route=%2Fwp%2Fv2%2Fcomments&post=333"}],"version-history":[{"count":1,"href":"https:\/\/kammerherrenschl\u00fcssel.de\/WP\/index.php?rest_route=\/wp\/v2\/pages\/333\/revisions"}],"predecessor-version":[{"id":334,"href":"https:\/\/kammerherrenschl\u00fcssel.de\/WP\/index.php?rest_route=\/wp\/v2\/pages\/333\/revisions\/334"}],"wp:attachment":[{"href":"https:\/\/kammerherrenschl\u00fcssel.de\/WP\/index.php?rest_route=%2Fwp%2Fv2%2Fmedia&parent=333"}],"curies":[{"name":"wp","href":"https:\/\/api.w.org\/{rel}","templated":true}]}}