{"id":335,"date":"2025-09-29T13:46:07","date_gmt":"2025-09-29T11:46:07","guid":{"rendered":"https:\/\/kammerherrenschl\u00fcssel.de\/WP\/?page_id=335"},"modified":"2025-09-29T13:46:07","modified_gmt":"2025-09-29T11:46:07","slug":"braunschweig","status":"publish","type":"page","link":"https:\/\/kammerherrenschl\u00fcssel.de\/WP\/?page_id=335","title":{"rendered":"Braunschweig"},"content":{"rendered":"\n<h2 class=\"wp-block-heading\">Herzogtum Braunschweig<\/h2>\n\n\n\n<p>Das Herzogtum Braunschweig bestand von 1815 bis 1918; es ging aus dem F\u00fcrstentum Braunschweig-Wolfenb\u00fcttel hervor und wurde nach dem Wiener Kongress als souver\u00e4ner Staat im Deutschen Bund anerkannt. Nach der Abdankung Herzog Ernst Augusts wurde Braunschweig zum Freistaat. Die wichtigsten Orden waren:<\/p>\n\n\n\n<figure class=\"wp-block-table\"><table class=\"has-fixed-layout\"><thead><tr><th>Orden<\/th><th>Stiftung<\/th><th>Bemerkung<\/th><\/tr><\/thead><tbody><tr><td>Orden Heinrichs des L\u00f6wen<\/td><td>1834<\/td><td>Hauptorden des Herzogtums, verliehen f\u00fcr zivile und milit\u00e4rische Verdienste<\/td><\/tr><tr><td>Verdienstkreuz zum Orden Heinrichs des L\u00f6wen<\/td><td>ab 1834<\/td><td>In mehreren Klassen, teils mit Schwertern f\u00fcr Kriegsverdienste<\/td><\/tr><tr><td>Ehrenzeichen in Silber und Bronze<\/td><td>ab 1903<\/td><td>F\u00fcr treue Dienste und besondere Leistungen<\/td><\/tr><\/tbody><\/table><\/figure>\n\n\n\n<p><\/p>\n","protected":false},"excerpt":{"rendered":"<p>Herzogtum Braunschweig Das Herzogtum Braunschweig bestand von 1815 bis 1918; es ging aus dem F\u00fcrstentum Braunschweig-Wolfenb\u00fcttel hervor und wurde nach dem Wiener Kongress als souver\u00e4ner Staat im Deutschen Bund anerkannt. Nach der Abdankung Herzog Ernst Augusts wurde Braunschweig zum Freistaat. Die wichtigsten Orden waren: Orden Stiftung Bemerkung Orden Heinrichs des L\u00f6wen 1834 Hauptorden des Herzogtums, [&hellip;]<\/p>\n","protected":false},"author":1,"featured_media":0,"parent":0,"menu_order":0,"comment_status":"closed","ping_status":"closed","template":"","meta":{"footnotes":""},"class_list":["post-335","page","type-page","status-publish","hentry"],"blocksy_meta":[],"_links":{"self":[{"href":"https:\/\/kammerherrenschl\u00fcssel.de\/WP\/index.php?rest_route=\/wp\/v2\/pages\/335","targetHints":{"allow":["GET"]}}],"collection":[{"href":"https:\/\/kammerherrenschl\u00fcssel.de\/WP\/index.php?rest_route=\/wp\/v2\/pages"}],"about":[{"href":"https:\/\/kammerherrenschl\u00fcssel.de\/WP\/index.php?rest_route=\/wp\/v2\/types\/page"}],"author":[{"embeddable":true,"href":"https:\/\/kammerherrenschl\u00fcssel.de\/WP\/index.php?rest_route=\/wp\/v2\/users\/1"}],"replies":[{"embeddable":true,"href":"https:\/\/kammerherrenschl\u00fcssel.de\/WP\/index.php?rest_route=%2Fwp%2Fv2%2Fcomments&post=335"}],"version-history":[{"count":1,"href":"https:\/\/kammerherrenschl\u00fcssel.de\/WP\/index.php?rest_route=\/wp\/v2\/pages\/335\/revisions"}],"predecessor-version":[{"id":336,"href":"https:\/\/kammerherrenschl\u00fcssel.de\/WP\/index.php?rest_route=\/wp\/v2\/pages\/335\/revisions\/336"}],"wp:attachment":[{"href":"https:\/\/kammerherrenschl\u00fcssel.de\/WP\/index.php?rest_route=%2Fwp%2Fv2%2Fmedia&parent=335"}],"curies":[{"name":"wp","href":"https:\/\/api.w.org\/{rel}","templated":true}]}}