{"id":341,"date":"2025-09-29T13:52:11","date_gmt":"2025-09-29T11:52:11","guid":{"rendered":"https:\/\/kammerherrenschl\u00fcssel.de\/WP\/?page_id=341"},"modified":"2025-09-29T13:52:11","modified_gmt":"2025-09-29T11:52:11","slug":"lippe-detmold","status":"publish","type":"page","link":"https:\/\/kammerherrenschl\u00fcssel.de\/WP\/?page_id=341","title":{"rendered":"Lippe-Detmold"},"content":{"rendered":"\n<h2 class=\"wp-block-heading\">F\u00fcrstentum Lippe-Detmold<\/h2>\n\n\n\n<p>Das F\u00fcrstentum Lippe-Detmold bestand von 1789 bis 1918; es ging aus der Reichsgrafschaft Lippe hervor und war Mitglied im Rheinbund, Deutschen Bund und sp\u00e4ter im Deutschen Reich. Nach der Abdankung F\u00fcrst Leopolds IV. wurde Lippe zum Freistaat. Die wichtigsten Orden waren:<\/p>\n\n\n\n<figure class=\"wp-block-table\"><table class=\"has-fixed-layout\"><thead><tr><th>Orden<\/th><th>Stiftung<\/th><th>Bemerkung<\/th><\/tr><\/thead><tbody><tr><td>F\u00fcrstlich Lippischer Hausorden (Ehrenkreuz)<\/td><td>1869<\/td><td>Mehrklassiger Hausorden, teils mit Schwertern f\u00fcr Kriegsverdienste<\/td><\/tr><tr><td>Leopold-Orden<\/td><td>19. Jh.<\/td><td>F\u00fcr besondere zivile und milit\u00e4rische Verdienste<\/td><\/tr><tr><td>Paulinenmedaille<\/td><td>19. Jh.<\/td><td>F\u00fcr Wohlt\u00e4tigkeit und soziale Verdienste<\/td><\/tr><tr><td>Kriegsverdienstkreuz &amp; Rettungsmedaille<\/td><td>ab 1866<\/td><td>F\u00fcr Tapferkeit, Lebensrettung und Kriegsleistungen<\/td><\/tr><\/tbody><\/table><\/figure>\n\n\n\n<p><\/p>\n","protected":false},"excerpt":{"rendered":"<p>F\u00fcrstentum Lippe-Detmold Das F\u00fcrstentum Lippe-Detmold bestand von 1789 bis 1918; es ging aus der Reichsgrafschaft Lippe hervor und war Mitglied im Rheinbund, Deutschen Bund und sp\u00e4ter im Deutschen Reich. Nach der Abdankung F\u00fcrst Leopolds IV. wurde Lippe zum Freistaat. Die wichtigsten Orden waren: Orden Stiftung Bemerkung F\u00fcrstlich Lippischer Hausorden (Ehrenkreuz) 1869 Mehrklassiger Hausorden, teils mit [&hellip;]<\/p>\n","protected":false},"author":1,"featured_media":0,"parent":0,"menu_order":0,"comment_status":"closed","ping_status":"closed","template":"","meta":{"footnotes":""},"class_list":["post-341","page","type-page","status-publish","hentry"],"blocksy_meta":[],"_links":{"self":[{"href":"https:\/\/kammerherrenschl\u00fcssel.de\/WP\/index.php?rest_route=\/wp\/v2\/pages\/341","targetHints":{"allow":["GET"]}}],"collection":[{"href":"https:\/\/kammerherrenschl\u00fcssel.de\/WP\/index.php?rest_route=\/wp\/v2\/pages"}],"about":[{"href":"https:\/\/kammerherrenschl\u00fcssel.de\/WP\/index.php?rest_route=\/wp\/v2\/types\/page"}],"author":[{"embeddable":true,"href":"https:\/\/kammerherrenschl\u00fcssel.de\/WP\/index.php?rest_route=\/wp\/v2\/users\/1"}],"replies":[{"embeddable":true,"href":"https:\/\/kammerherrenschl\u00fcssel.de\/WP\/index.php?rest_route=%2Fwp%2Fv2%2Fcomments&post=341"}],"version-history":[{"count":1,"href":"https:\/\/kammerherrenschl\u00fcssel.de\/WP\/index.php?rest_route=\/wp\/v2\/pages\/341\/revisions"}],"predecessor-version":[{"id":342,"href":"https:\/\/kammerherrenschl\u00fcssel.de\/WP\/index.php?rest_route=\/wp\/v2\/pages\/341\/revisions\/342"}],"wp:attachment":[{"href":"https:\/\/kammerherrenschl\u00fcssel.de\/WP\/index.php?rest_route=%2Fwp%2Fv2%2Fmedia&parent=341"}],"curies":[{"name":"wp","href":"https:\/\/api.w.org\/{rel}","templated":true}]}}