{"id":343,"date":"2025-09-29T13:53:54","date_gmt":"2025-09-29T11:53:54","guid":{"rendered":"https:\/\/kammerherrenschl\u00fcssel.de\/WP\/?page_id=343"},"modified":"2025-09-29T13:53:54","modified_gmt":"2025-09-29T11:53:54","slug":"schaumburg-lippe","status":"publish","type":"page","link":"https:\/\/kammerherrenschl\u00fcssel.de\/WP\/?page_id=343","title":{"rendered":"Schaumburg-Lippe"},"content":{"rendered":"\n<h2 class=\"wp-block-heading\">F\u00fcrstentum Schaumburg-Lippe<\/h2>\n\n\n\n<p>Das F\u00fcrstentum Schaumburg-Lippe bestand von 1807 bis 1918; es entstand aus der Grafschaft Schaumburg-Lippe durch den Beitritt zum Rheinbund und wurde nach der Abdankung F\u00fcrst Adolfs II. als Freistaat weitergef\u00fchrt. Die wichtigsten Orden waren:<\/p>\n\n\n\n<figure class=\"wp-block-table\"><table class=\"has-fixed-layout\"><thead><tr><th>Orden<\/th><th>Stiftung<\/th><th>Bemerkung<\/th><\/tr><\/thead><tbody><tr><td>F\u00fcrstlich Schaumburg-Lippischer Hausorden<\/td><td>1869 \/ 1890<\/td><td>Urspr\u00fcnglich gemeinsam mit Lippe, sp\u00e4ter eigenst\u00e4ndig verliehen in mehreren Klassen<\/td><\/tr><tr><td>Offiziersehrenkreuz<\/td><td>1899<\/td><td>Teil des Hausordens, f\u00fcr besondere Verdienste<\/td><\/tr><tr><td>Kreuz 3. und 4. Klasse<\/td><td>ab 1890<\/td><td>F\u00fcr zivile und milit\u00e4rische Leistungen<\/td><\/tr><tr><td>Goldenes Verdienstkreuz<\/td><td>19. Jh.<\/td><td>F\u00fcr langj\u00e4hrige treue Dienste<\/td><\/tr><\/tbody><\/table><\/figure>\n","protected":false},"excerpt":{"rendered":"<p>F\u00fcrstentum Schaumburg-Lippe Das F\u00fcrstentum Schaumburg-Lippe bestand von 1807 bis 1918; es entstand aus der Grafschaft Schaumburg-Lippe durch den Beitritt zum Rheinbund und wurde nach der Abdankung F\u00fcrst Adolfs II. als Freistaat weitergef\u00fchrt. Die wichtigsten Orden waren: Orden Stiftung Bemerkung F\u00fcrstlich Schaumburg-Lippischer Hausorden 1869 \/ 1890 Urspr\u00fcnglich gemeinsam mit Lippe, sp\u00e4ter eigenst\u00e4ndig verliehen in mehreren Klassen [&hellip;]<\/p>\n","protected":false},"author":1,"featured_media":0,"parent":0,"menu_order":0,"comment_status":"closed","ping_status":"closed","template":"","meta":{"footnotes":""},"class_list":["post-343","page","type-page","status-publish","hentry"],"blocksy_meta":[],"_links":{"self":[{"href":"https:\/\/kammerherrenschl\u00fcssel.de\/WP\/index.php?rest_route=\/wp\/v2\/pages\/343","targetHints":{"allow":["GET"]}}],"collection":[{"href":"https:\/\/kammerherrenschl\u00fcssel.de\/WP\/index.php?rest_route=\/wp\/v2\/pages"}],"about":[{"href":"https:\/\/kammerherrenschl\u00fcssel.de\/WP\/index.php?rest_route=\/wp\/v2\/types\/page"}],"author":[{"embeddable":true,"href":"https:\/\/kammerherrenschl\u00fcssel.de\/WP\/index.php?rest_route=\/wp\/v2\/users\/1"}],"replies":[{"embeddable":true,"href":"https:\/\/kammerherrenschl\u00fcssel.de\/WP\/index.php?rest_route=%2Fwp%2Fv2%2Fcomments&post=343"}],"version-history":[{"count":1,"href":"https:\/\/kammerherrenschl\u00fcssel.de\/WP\/index.php?rest_route=\/wp\/v2\/pages\/343\/revisions"}],"predecessor-version":[{"id":344,"href":"https:\/\/kammerherrenschl\u00fcssel.de\/WP\/index.php?rest_route=\/wp\/v2\/pages\/343\/revisions\/344"}],"wp:attachment":[{"href":"https:\/\/kammerherrenschl\u00fcssel.de\/WP\/index.php?rest_route=%2Fwp%2Fv2%2Fmedia&parent=343"}],"curies":[{"name":"wp","href":"https:\/\/api.w.org\/{rel}","templated":true}]}}