{"id":347,"date":"2025-09-29T13:58:21","date_gmt":"2025-09-29T11:58:21","guid":{"rendered":"https:\/\/kammerherrenschl\u00fcssel.de\/WP\/?page_id=347"},"modified":"2025-09-29T13:58:21","modified_gmt":"2025-09-29T11:58:21","slug":"schwarzburg-rudolstadt-sondershausen","status":"publish","type":"page","link":"https:\/\/kammerherrenschl\u00fcssel.de\/WP\/?page_id=347","title":{"rendered":"Schwarzburg-Rudolstadt\/Sondershausen"},"content":{"rendered":"\n<h2 class=\"wp-block-heading\">F\u00fcrstent\u00fcmer Schwarzburg-Rudolstadt &amp; Schwarzburg-Sondershausen<\/h2>\n\n\n\n<p>Die beiden F\u00fcrstent\u00fcmer Schwarzburg-Rudolstadt und Schwarzburg-Sondershausen bestanden bis 1918 als souver\u00e4ne Staaten im Deutschen Reich. Sie gingen aus der Teilung der Grafschaft Schwarzburg im 16. Jahrhundert hervor und wurden nach der Abdankung F\u00fcrst G\u00fcnther Victors zum Freistaat Schwarzburg vereint. Die wichtigsten Orden waren:<\/p>\n\n\n\n<figure class=\"wp-block-table\"><table class=\"has-fixed-layout\"><thead><tr><th>Orden<\/th><th>Stiftung<\/th><th>Bemerkung<\/th><\/tr><\/thead><tbody><tr><td>F\u00fcrstlich Schwarzburgisches Ehrenkreuz<\/td><td>1857<\/td><td>Gemeinsamer Hausorden beider Linien, verliehen in drei Klassen<\/td><\/tr><tr><td>Ehrenkreuz mit Schwertern und Krone<\/td><td>1901<\/td><td>F\u00fcr Kriegsverdienste und besondere Leistungen<\/td><\/tr><tr><td>Ehrenkreuz mit Eichenbruch<\/td><td>1915<\/td><td>Erweiterung f\u00fcr Verdienste im Ersten Weltkrieg<\/td><\/tr><tr><td>Verdienstmedaillen in Silber und Bronze<\/td><td>19. Jh.<\/td><td>F\u00fcr zivile und milit\u00e4rische Dienste<\/td><\/tr><\/tbody><\/table><\/figure>\n\n\n\n<p><\/p>\n","protected":false},"excerpt":{"rendered":"<p>F\u00fcrstent\u00fcmer Schwarzburg-Rudolstadt &amp; Schwarzburg-Sondershausen Die beiden F\u00fcrstent\u00fcmer Schwarzburg-Rudolstadt und Schwarzburg-Sondershausen bestanden bis 1918 als souver\u00e4ne Staaten im Deutschen Reich. Sie gingen aus der Teilung der Grafschaft Schwarzburg im 16. Jahrhundert hervor und wurden nach der Abdankung F\u00fcrst G\u00fcnther Victors zum Freistaat Schwarzburg vereint. Die wichtigsten Orden waren: Orden Stiftung Bemerkung F\u00fcrstlich Schwarzburgisches Ehrenkreuz 1857 Gemeinsamer [&hellip;]<\/p>\n","protected":false},"author":1,"featured_media":0,"parent":0,"menu_order":0,"comment_status":"closed","ping_status":"closed","template":"","meta":{"footnotes":""},"class_list":["post-347","page","type-page","status-publish","hentry"],"blocksy_meta":[],"_links":{"self":[{"href":"https:\/\/kammerherrenschl\u00fcssel.de\/WP\/index.php?rest_route=\/wp\/v2\/pages\/347","targetHints":{"allow":["GET"]}}],"collection":[{"href":"https:\/\/kammerherrenschl\u00fcssel.de\/WP\/index.php?rest_route=\/wp\/v2\/pages"}],"about":[{"href":"https:\/\/kammerherrenschl\u00fcssel.de\/WP\/index.php?rest_route=\/wp\/v2\/types\/page"}],"author":[{"embeddable":true,"href":"https:\/\/kammerherrenschl\u00fcssel.de\/WP\/index.php?rest_route=\/wp\/v2\/users\/1"}],"replies":[{"embeddable":true,"href":"https:\/\/kammerherrenschl\u00fcssel.de\/WP\/index.php?rest_route=%2Fwp%2Fv2%2Fcomments&post=347"}],"version-history":[{"count":1,"href":"https:\/\/kammerherrenschl\u00fcssel.de\/WP\/index.php?rest_route=\/wp\/v2\/pages\/347\/revisions"}],"predecessor-version":[{"id":348,"href":"https:\/\/kammerherrenschl\u00fcssel.de\/WP\/index.php?rest_route=\/wp\/v2\/pages\/347\/revisions\/348"}],"wp:attachment":[{"href":"https:\/\/kammerherrenschl\u00fcssel.de\/WP\/index.php?rest_route=%2Fwp%2Fv2%2Fmedia&parent=347"}],"curies":[{"name":"wp","href":"https:\/\/api.w.org\/{rel}","templated":true}]}}