{"id":373,"date":"2025-09-29T15:03:56","date_gmt":"2025-09-29T13:03:56","guid":{"rendered":"https:\/\/kammerherrenschl\u00fcssel.de\/WP\/?page_id=373"},"modified":"2025-09-29T15:03:56","modified_gmt":"2025-09-29T13:03:56","slug":"kriegsdenkmuenze-fuer-die-feldzuege-1870-und-1871","status":"publish","type":"page","link":"https:\/\/kammerherrenschl\u00fcssel.de\/WP\/?page_id=373","title":{"rendered":"Kriegsdenkm\u00fcnze f\u00fcr die Feldz\u00fcge 1870 und 1871"},"content":{"rendered":"\n<div class=\"_df_book df-lite\" id=\"df_235\"  _slug=\"kriegsdenkmuenze-fuer-die-feldzuege-1870-und-1871\" data-title=\"kriegsdenkmuenze-fuer-die-feldzuege-1870-und-1871\" wpoptions=\"true\" thumbtype=\"\" ><\/div><script class=\"df-shortcode-script\" nowprocket type=\"application\/javascript\">window.option_df_235 = {\"outline\":[],\"autoEnableOutline\":\"false\",\"autoEnableThumbnail\":\"false\",\"overwritePDFOutline\":\"false\",\"direction\":\"1\",\"pageSize\":\"0\",\"source\":\"https:\\\/\\\/kammerherrenschl\\u00fcssel.de\\\/WP\\\/wp-content\\\/uploads\\\/2025\\\/09\\\/KDM70.pdf\",\"wpOptions\":\"true\"}; if(window.DFLIP && window.DFLIP.parseBooks){window.DFLIP.parseBooks();}<\/script>\n","protected":false},"excerpt":{"rendered":"","protected":false},"author":1,"featured_media":0,"parent":0,"menu_order":0,"comment_status":"closed","ping_status":"closed","template":"","meta":{"footnotes":""},"class_list":["post-373","page","type-page","status-publish","hentry"],"blocksy_meta":[],"_links":{"self":[{"href":"https:\/\/kammerherrenschl\u00fcssel.de\/WP\/index.php?rest_route=\/wp\/v2\/pages\/373","targetHints":{"allow":["GET"]}}],"collection":[{"href":"https:\/\/kammerherrenschl\u00fcssel.de\/WP\/index.php?rest_route=\/wp\/v2\/pages"}],"about":[{"href":"https:\/\/kammerherrenschl\u00fcssel.de\/WP\/index.php?rest_route=\/wp\/v2\/types\/page"}],"author":[{"embeddable":true,"href":"https:\/\/kammerherrenschl\u00fcssel.de\/WP\/index.php?rest_route=\/wp\/v2\/users\/1"}],"replies":[{"embeddable":true,"href":"https:\/\/kammerherrenschl\u00fcssel.de\/WP\/index.php?rest_route=%2Fwp%2Fv2%2Fcomments&post=373"}],"version-history":[{"count":1,"href":"https:\/\/kammerherrenschl\u00fcssel.de\/WP\/index.php?rest_route=\/wp\/v2\/pages\/373\/revisions"}],"predecessor-version":[{"id":374,"href":"https:\/\/kammerherrenschl\u00fcssel.de\/WP\/index.php?rest_route=\/wp\/v2\/pages\/373\/revisions\/374"}],"wp:attachment":[{"href":"https:\/\/kammerherrenschl\u00fcssel.de\/WP\/index.php?rest_route=%2Fwp%2Fv2%2Fmedia&parent=373"}],"curies":[{"name":"wp","href":"https:\/\/api.w.org\/{rel}","templated":true}]}}