{"id":55,"date":"2025-09-15T13:06:08","date_gmt":"2025-09-15T11:06:08","guid":{"rendered":"https:\/\/kammerherrenschl\u00fcssel.de\/WP\/?page_id=55"},"modified":"2025-10-08T13:18:26","modified_gmt":"2025-10-08T11:18:26","slug":"preussen","status":"publish","type":"page","link":"https:\/\/kammerherrenschl\u00fcssel.de\/WP\/?page_id=55","title":{"rendered":"Preu\u00dfen"},"content":{"rendered":"\n<h2 class=\"wp-block-heading\">K\u00f6nigreich Preu\u00dfen<\/h2>\n\n\n\n<p>Das K\u00f6nigreich Preu\u00dfen wurde 1701 gegr\u00fcndet, als Friedrich I. sich in K\u00f6nigsberg zum K\u00f6nig kr\u00f6nte. Urspr\u00fcnglich aus dem Kurf\u00fcrstentum Brandenburg hervorgegangen, entwickelte sich Preu\u00dfen im 18. und 19. Jahrhundert zur f\u00fchrenden Macht im deutschsprachigen Raum. Unter Friedrich dem Gro\u00dfen und sp\u00e4ter Wilhelm I. wurde Preu\u00dfen zum Motor der deutschen Einigung. 1871 m\u00fcndete diese Entwicklung in der Gr\u00fcndung des Deutschen Kaiserreichs unter preu\u00dfischer F\u00fchrung. Nach dem Ersten Weltkrieg endete die Monarchie 1918 mit der Abdankung von Wilhelm II. Die wichtigsten Orden waren:<\/p>\n\n\n\n<figure class=\"wp-block-table\"><table class=\"has-fixed-layout\"><thead><tr><th>Orden<\/th><th>Stiftung<\/th><th>Bemerkung<\/th><\/tr><\/thead><tbody><tr><td><a href=\"#Schwarzer\">Schwarzer Adlerorden<\/a><\/td><td>1701<\/td><td>H\u00f6chster preu\u00dfischer Orden, nur an h\u00f6chste W\u00fcrdentr\u00e4ger verliehen.<\/td><\/tr><tr><td><a href=\"#pour\">Pour le M\u00e9rite<\/a><\/td><td>1740<\/td><td>F\u00fcr milit\u00e4rische Tapferkeit; ab 1842 auch f\u00fcr Wissenschaft und Kunst.<\/td><\/tr><tr><td><a href=\"#roter\">Roter Adlerorden<\/a><\/td><td>1792<\/td><td>F\u00fcr zivile und milit\u00e4rische Verdienste; in vier Klassen mit Sonderformen.<\/td><\/tr><tr><td><a href=\"https:\/\/xn--kammerherrenschlssel-4ec.de\/WP\/wp-admin\/post.php?post=55&amp;action=edit#militaerehrenzeichen\">Milit\u00e4rehrenzeichen<\/a><\/td><td>1793<\/td><td>F\u00fcr Tapferkeit und langj\u00e4hrigen Milit\u00e4rdienst; in zwei Klassen.<\/td><\/tr><tr><td><a href=\"https:\/\/xn--kammerherrenschlssel-4ec.de\/WP\/wp-admin\/post.php?post=55&amp;action=edit#allgemeines-ehrenzeichen\">Allgemeines Ehrenzeichen<\/a><\/td><td>1810<\/td><td>F\u00fcr zivile Verdienste; oft an Beamte und B\u00fcrger verliehen.<\/td><\/tr><tr><td><a href=\"#johan\">K\u00f6niglich Preu\u00dfischer St. Johanniter-Orden<\/a><\/td><td>1811<\/td><td>Protestantischer Ritterorden mit karitativer Ausrichtung.<\/td><\/tr><tr><td><a href=\"#luise\">Luisenorden<\/a><\/td><td>1814<\/td><td>Damenorden f\u00fcr Verdienste im Krieg; benannt nach K\u00f6nigin Luise.<\/td><\/tr><tr><td><a href=\"https:\/\/xn--kammerherrenschlssel-4ec.de\/WP\/wp-admin\/post.php?post=55&amp;action=edit#hausorden-hohenzollern\">K\u00f6niglicher Hausorden von Hohenzollern<\/a><\/td><td>1851<\/td><td>Familienorden des preu\u00dfischen K\u00f6nigshauses; auch f\u00fcr milit\u00e4rische Verdienste.<\/td><\/tr><tr><td><a href=\"https:\/\/xn--kammerherrenschlssel-4ec.de\/WP\/wp-admin\/post.php?post=55&amp;action=edit#kronenorden\">Kronenorden<\/a><\/td><td>1861<\/td><td>F\u00fcr zivile und milit\u00e4rische Verdienste; in vier Klassen.<\/td><\/tr><tr><td><a href=\"#wilhelm\">Wilhelm-Orden<\/a><\/td><td>1896<\/td><td>F\u00fcr besondere Verdienste um das K\u00f6nigshaus und den Staat.<\/td><\/tr><tr><td><a href=\"https:\/\/xn--kammerherrenschlssel-4ec.de\/WP\/wp-admin\/post.php?post=55&amp;action=edit#verdienstorden-krone\">Verdienstorden der Preu\u00dfischen Krone<\/a><\/td><td>1901<\/td><td>H\u00f6chste zivile Auszeichnung nach dem Schwarzen Adlerorden.<\/td><\/tr><tr><td>Frauen-Verdienstkreuz<\/td><td>1907<\/td><td>F\u00fcr soziale und karitative Leistungen von Frauen.<\/td><\/tr><\/tbody><\/table><\/figure>\n\n\n\n<h4 class=\"wp-block-heading\" id=\"Schwarzer\">Statuten des K\u00f6niglich Preu\u00dfischen Ordens vom Schwarzen Adler<\/h4>\n\n\n\n<a class=\"gb-text gb-text-0fa1b91f\" href=\"https:\/\/kammerherrenschl\u00fcssel.de\/WP\/?page_id=133\">SAO-Statutenbuch (grafisch)<\/a>\n\n\n\n<a class=\"gb-text gb-text-40175969\" href=\"https:\/\/kammerherrenschl\u00fcssel.de\/WP\/?page_id=168\">SAO-Statutenbuch (Textfassung)<\/a>\n\n\n\n<h4 class=\"wp-block-heading\">Ceremoniel des hohen Ordens vom Schwarzen Adler<\/h4>\n\n\n\n<a class=\"gb-text gb-text-cff3f126\" href=\"https:\/\/kammerherrenschl\u00fcssel.de\/WP\/?page_id=168\">SAO-Ceremoniel<\/a>\n\n\n\n<h4 class=\"wp-block-heading\" id=\"pour\">Statuten des K\u00f6niglich Preussischen Ordens pour le m\u00e9rite<\/h4>\n\n\n\n<a class=\"gb-text gb-text-6f588bb0\" href=\"https:\/\/xn--kammerherrenschlssel-4ec.de\/WP\/?page_id=191\">Statuten des K\u00f6niglich Preussischen Ordens pour le m\u00e9rite<\/a>\n\n\n\n<h4 class=\"wp-block-heading\" id=\"roter\">Ordens-Statuten des Roten Adler Ordens<\/h4>\n\n\n\n<a class=\"gb-text gb-text-3d3d25d4\" href=\"https:\/\/xn--kammerherrenschlssel-4ec.de\/WP\/?page_id=255\">Ordens-Statuten des Roten Adler Ordens (inkl. Vorl\u00e4ufer)<\/a>\n\n\n\n<h4 class=\"wp-block-heading\" id=\"johan\">K\u00f6niglich Preu\u00dfischer St. Johanniter-Orden<\/h4>\n\n\n\n<a class=\"gb-text gb-text-ba8e7ab7\" href=\"https:\/\/xn--kammerherrenschlssel-4ec.de\/WP\/?page_id=270\">Satuten des K\u00f6niglich Preu\u00dfischen St. Johanniter-Orden<\/a>\n\n\n\n<h4 class=\"wp-block-heading\" id=\"luise\">K\u00f6niglich Preu\u00dfischer Luisenorden<\/h4>\n\n\n\n<a class=\"gb-text gb-text-e69ad44a\" href=\"https:\/\/kammerherrenschl\u00fcssel.de\/WP\/?page_id=367\">Satuten des K\u00f6niglich Preu\u00dfischen Luisenordens<\/a>\n\n\n\n<h4 class=\"wp-block-heading\" id=\"wilhelm\">K\u00f6niglich Preu\u00dfischer Wilhelm-Orden<\/h4>\n\n\n\n<a class=\"gb-text gb-text-b589742d\" href=\"https:\/\/xn--kammerherrenschlssel-4ec.de\/WP\/?page_id=427\">Urkunde betreffend die Stiftung des Wilhelm-Ordens<\/a>\n\n\n\n<h4 class=\"wp-block-heading\">Kriegsdenkm\u00fcnze f\u00fcr die Feldz\u00fcge 1870 und 1871<\/h4>\n\n\n\n<a class=\"gb-text gb-text-3a28f5e1\" href=\"https:\/\/xn--kammerherrenschlssel-4ec.de\/WP\/?page_id=373\">Satuten zur Kriegsdenkm\u00fcnze f\u00fcr die Feldz\u00fcge 1870 und 1871<\/a>\n\n\n\n<h4 class=\"wp-block-heading\">Allgemeine Bestimmungen zum preu\u00dfischen Ordenswesen<\/h4>\n\n\n\n<a class=\"gb-text gb-text-ee1f7980\" href=\"https:\/\/xn--kammerherrenschlssel-4ec.de\/WP\/?page_id=378\">Allgemeine Bestimmungen (u.a. Trageweise)<\/a>\n\n\n\n<h4 class=\"wp-block-heading\">Gesellschaft des Schwanen-Ordens<\/h4>\n\n\n\n<a class=\"gb-text gb-text-0a318aad\" href=\"https:\/\/xn--kammerherrenschlssel-4ec.de\/WP\/?page_id=382\">Patent \u00fcber die Wiederbelebung der Gesellschaft des Schwanen-Ordens<\/a>\n\n\n\n<h4 class=\"wp-block-heading\">Stiftung eines Verdienstkreuzes f\u00fcr Frauen und Jungfrauen<\/h4>\n\n\n\n<a class=\"gb-text gb-text-bb818eb3\" href=\"https:\/\/xn--kammerherrenschlssel-4ec.de\/WP\/?page_id=387\">Schreiben der K\u00f6nigin Augusta an den K\u00f6nig, die Stiftung eines Verdienstkreuzes des Krieges gegen Frankreich betreffend<\/a>\n\n\n\n<a class=\"gb-text gb-text-05335707\" href=\"https:\/\/xn--kammerherrenschlssel-4ec.de\/WP\/?page_id=419\">Stiftung eines Verdienstkreuzes f\u00fcr Frauen und Jungfrauen<\/a>\n\n\n\n<h4 class=\"wp-block-heading\">Das Eiserne Kreuz<\/h4>\n\n\n\n<a class=\"gb-text gb-text-835cbcc2\" href=\"https:\/\/xn--kammerherrenschlssel-4ec.de\/WP\/?page_id=446\">Eisernes Kreuz<\/a>\n\n\n\n<p><\/p>\n","protected":false},"excerpt":{"rendered":"<p>K\u00f6nigreich Preu\u00dfen Das K\u00f6nigreich Preu\u00dfen wurde 1701 gegr\u00fcndet, als Friedrich I. sich in K\u00f6nigsberg zum K\u00f6nig kr\u00f6nte. Urspr\u00fcnglich aus dem Kurf\u00fcrstentum Brandenburg hervorgegangen, entwickelte sich Preu\u00dfen im 18. und 19. Jahrhundert zur f\u00fchrenden Macht im deutschsprachigen Raum. Unter Friedrich dem Gro\u00dfen und sp\u00e4ter Wilhelm I. wurde Preu\u00dfen zum Motor der deutschen Einigung. 1871 m\u00fcndete diese [&hellip;]<\/p>\n","protected":false},"author":1,"featured_media":0,"parent":0,"menu_order":0,"comment_status":"closed","ping_status":"closed","template":"","meta":{"footnotes":""},"class_list":["post-55","page","type-page","status-publish","hentry"],"blocksy_meta":[],"_links":{"self":[{"href":"https:\/\/kammerherrenschl\u00fcssel.de\/WP\/index.php?rest_route=\/wp\/v2\/pages\/55","targetHints":{"allow":["GET"]}}],"collection":[{"href":"https:\/\/kammerherrenschl\u00fcssel.de\/WP\/index.php?rest_route=\/wp\/v2\/pages"}],"about":[{"href":"https:\/\/kammerherrenschl\u00fcssel.de\/WP\/index.php?rest_route=\/wp\/v2\/types\/page"}],"author":[{"embeddable":true,"href":"https:\/\/kammerherrenschl\u00fcssel.de\/WP\/index.php?rest_route=\/wp\/v2\/users\/1"}],"replies":[{"embeddable":true,"href":"https:\/\/kammerherrenschl\u00fcssel.de\/WP\/index.php?rest_route=%2Fwp%2Fv2%2Fcomments&post=55"}],"version-history":[{"count":98,"href":"https:\/\/kammerherrenschl\u00fcssel.de\/WP\/index.php?rest_route=\/wp\/v2\/pages\/55\/revisions"}],"predecessor-version":[{"id":449,"href":"https:\/\/kammerherrenschl\u00fcssel.de\/WP\/index.php?rest_route=\/wp\/v2\/pages\/55\/revisions\/449"}],"wp:attachment":[{"href":"https:\/\/kammerherrenschl\u00fcssel.de\/WP\/index.php?rest_route=%2Fwp%2Fv2%2Fmedia&parent=55"}],"curies":[{"name":"wp","href":"https:\/\/api.w.org\/{rel}","templated":true}]}}