{"id":58,"date":"2025-09-15T13:12:56","date_gmt":"2025-09-15T11:12:56","guid":{"rendered":"https:\/\/kammerherrenschl\u00fcssel.de\/WP\/?page_id=58"},"modified":"2025-09-29T13:14:25","modified_gmt":"2025-09-29T11:14:25","slug":"bayern","status":"publish","type":"page","link":"https:\/\/kammerherrenschl\u00fcssel.de\/WP\/?page_id=58","title":{"rendered":"Bayern"},"content":{"rendered":"\n<h2 class=\"wp-block-heading\">K\u00f6nigreich Bayern<\/h2>\n\n\n\n<p>Das K\u00f6nigreich Bayern wurde 1806 gegr\u00fcndet, als Kurf\u00fcrst Maximilian IV. Joseph sich zum K\u00f6nig Maximilian I. Joseph kr\u00f6nte. Urspr\u00fcnglich aus dem Kurf\u00fcrstentum Bayern hervorgegangen, entwickelte sich das K\u00f6nigreich im 19. Jahrhundert zu einem kulturellen Zentrum S\u00fcddeutschlands. Unter Ludwig I. und Ludwig II. wurde Bayern ber\u00fchmt f\u00fcr seine Architektur, Kunstf\u00f6rderung und romantischen Bauwerke. Die Monarchie endete 1918 mit der Abdankung von K\u00f6nig Ludwig III. Die wichtigsten Orden waren:<\/p>\n\n\n\n<figure class=\"wp-block-table\"><table class=\"has-fixed-layout\"><thead><tr><th>Orden<\/th><th>Stiftung<\/th><th>Bemerkung<\/th><\/tr><\/thead><tbody><tr><td><a href=\"#militaer-max-joseph\">Milit\u00e4r-Max-Joseph-Orden<\/a><\/td><td>1806<\/td><td>H\u00f6chste milit\u00e4rische Auszeichnung Bayerns f\u00fcr Tapferkeit.<\/td><\/tr><tr><td><a href=\"#krone\">Verdienstorden der bayerischen Krone<\/a><\/td><td>1808<\/td><td>Ziviles Pendant zum Milit\u00e4r-Max-Joseph-Orden.<\/td><\/tr><tr><td><a href=\"#heiliger-michael\">Verdienstorden vom Heiligen Michael<\/a><\/td><td>1693 \/ 1837<\/td><td>F\u00fcr zivile Verdienste, urspr\u00fcnglich ein Ritterorden.<\/td><\/tr><tr><td><a href=\"#ludwigsorden\">Ludwigsorden<\/a><\/td><td>1827<\/td><td>F\u00fcr treue Dienste im Staatsdienst.<\/td><\/tr><tr><td><a href=\"#militaerverdienstorden\">Bayerischer Milit\u00e4rverdienstorden<\/a><\/td><td>1866<\/td><td>F\u00fcr besondere milit\u00e4rische Leistungen.<\/td><\/tr><tr><td><a href=\"#bayerischer-verdienstorden\">Bayerischer Verdienstorden<\/a><\/td><td>1957<\/td><td>H\u00f6chste Auszeichnung des Freistaats Bayern f\u00fcr Verdienste um das Gemeinwohl.<\/td><\/tr><\/tbody><\/table><\/figure>\n\n\n\n<h4 class=\"wp-block-heading\" id=\"militaerverdienstorden\">K\u00f6niglich Bayerischer Milit\u00e4r-Verdienstorden<\/h4>\n\n\n\n<a class=\"gb-text gb-text-0fa1b91f\" href=\"https:\/\/xn--kammerherrenschlssel-4ec.de\/WP\/?page_id=214\">Bay. MVO-Statuten<\/a>\n\n\n\n<h4 class=\"wp-block-heading\" id=\"krone\">Verdienstorden der bayerischen Krone<\/h4>\n\n\n\n<a class=\"gb-text gb-text-531456f6\" href=\"https:\/\/xn--kammerherrenschlssel-4ec.de\/WP\/?page_id=264\" id=\"#krone\">Statuten des Verdienstordens der bayerischen Krone<\/a>\n\n\n\n<p><\/p>\n","protected":false},"excerpt":{"rendered":"<p>K\u00f6nigreich Bayern Das K\u00f6nigreich Bayern wurde 1806 gegr\u00fcndet, als Kurf\u00fcrst Maximilian IV. Joseph sich zum K\u00f6nig Maximilian I. Joseph kr\u00f6nte. Urspr\u00fcnglich aus dem Kurf\u00fcrstentum Bayern hervorgegangen, entwickelte sich das K\u00f6nigreich im 19. Jahrhundert zu einem kulturellen Zentrum S\u00fcddeutschlands. Unter Ludwig I. und Ludwig II. wurde Bayern ber\u00fchmt f\u00fcr seine Architektur, Kunstf\u00f6rderung und romantischen Bauwerke. Die [&hellip;]<\/p>\n","protected":false},"author":1,"featured_media":0,"parent":0,"menu_order":0,"comment_status":"closed","ping_status":"closed","template":"","meta":{"footnotes":""},"class_list":["post-58","page","type-page","status-publish","hentry"],"blocksy_meta":[],"_links":{"self":[{"href":"https:\/\/kammerherrenschl\u00fcssel.de\/WP\/index.php?rest_route=\/wp\/v2\/pages\/58","targetHints":{"allow":["GET"]}}],"collection":[{"href":"https:\/\/kammerherrenschl\u00fcssel.de\/WP\/index.php?rest_route=\/wp\/v2\/pages"}],"about":[{"href":"https:\/\/kammerherrenschl\u00fcssel.de\/WP\/index.php?rest_route=\/wp\/v2\/types\/page"}],"author":[{"embeddable":true,"href":"https:\/\/kammerherrenschl\u00fcssel.de\/WP\/index.php?rest_route=\/wp\/v2\/users\/1"}],"replies":[{"embeddable":true,"href":"https:\/\/kammerherrenschl\u00fcssel.de\/WP\/index.php?rest_route=%2Fwp%2Fv2%2Fcomments&post=58"}],"version-history":[{"count":11,"href":"https:\/\/kammerherrenschl\u00fcssel.de\/WP\/index.php?rest_route=\/wp\/v2\/pages\/58\/revisions"}],"predecessor-version":[{"id":394,"href":"https:\/\/kammerherrenschl\u00fcssel.de\/WP\/index.php?rest_route=\/wp\/v2\/pages\/58\/revisions\/394"}],"wp:attachment":[{"href":"https:\/\/kammerherrenschl\u00fcssel.de\/WP\/index.php?rest_route=%2Fwp%2Fv2%2Fmedia&parent=58"}],"curies":[{"name":"wp","href":"https:\/\/api.w.org\/{rel}","templated":true}]}}